{"id":1629,"date":"2022-12-02T16:38:35","date_gmt":"2022-12-02T16:38:35","guid":{"rendered":"https:\/\/www2.wijkbelangenroderveld.nl\/?page_id=1629"},"modified":"2023-07-15T18:22:21","modified_gmt":"2023-07-15T18:22:21","slug":"activiteiten-kalender-2","status":"publish","type":"page","link":"https:\/\/www2.wijkbelangenroderveld.nl\/?page_id=1629","title":{"rendered":"Activiteiten kalender"},"content":{"rendered":"<table dir=\"ltr\" style=\"width: 113.277%; height: 515px;\" border=\"1\" cellspacing=\"0\" cellpadding=\"0\">\n<colgroup>\n<col width=\"93\">\n<col width=\"158\">\n<col width=\"114\"><\/colgroup>\n<tbody>\n<tr>\n<td style=\"width: 25.5%;\" data-sheets-value=\"{&quot;1&quot;:2,&quot;2&quot;:&quot;Datum&quot;}\">Datum<\/td>\n<td style=\"width: 43.1667%;\" data-sheets-value=\"{&quot;1&quot;:2,&quot;2&quot;:&quot;Activiteit&quot;}\">Activiteit<\/td>\n<td style=\"width: 40.6667%;\" data-sheets-value=\"{&quot;1&quot;:2,&quot;2&quot;:&quot;Deelnemers&quot;}\">Deelnemers<\/td>\n<\/tr>\n<tr>\n<td style=\"width: 25.5%;\">&nbsp;<\/td>\n<td style=\"width: 43.1667%;\">&nbsp;<\/td>\n<td style=\"width: 40.6667%;\">&nbsp;<\/td>\n<\/tr>\n<tr>\n<td style=\"width: 25.5%;\" data-sheets-value=\"{&quot;1&quot;:3,&quot;3&quot;:44992}\" data-sheets-numberformat=\"{&quot;1&quot;:5,&quot;2&quot;:&quot;d mmm yyyy&quot;,&quot;3&quot;:1}\">&nbsp;<\/td>\n<td style=\"width: 43.1667%;\" data-sheets-value=\"{&quot;1&quot;:2,&quot;2&quot;:&quot;Bestuursoverleg&quot;}\">&nbsp;<\/td>\n<td style=\"width: 40.6667%;\" data-sheets-value=\"{&quot;1&quot;:2,&quot;2&quot;:&quot;Bestuur&quot;}\">&nbsp;<\/td>\n<\/tr>\n<tr>\n<td style=\"width: 25.5%;\" data-sheets-value=\"{&quot;1&quot;:3,&quot;3&quot;:44977}\" data-sheets-numberformat=\"{&quot;1&quot;:5,&quot;2&quot;:&quot;d mmm yyyy&quot;,&quot;3&quot;:1}\">20 feb 2023<\/td>\n<td style=\"width: 43.1667%;\" data-sheets-value=\"{&quot;1&quot;:2,&quot;2&quot;:&quot;Flyeren&quot;}\">Flyeren<\/td>\n<td style=\"width: 40.6667%;\" data-sheets-value=\"{&quot;1&quot;:2,&quot;2&quot;:&quot;Bestuur&quot;}\">Bestuur<\/td>\n<\/tr>\n<tr>\n<td style=\"width: 25.5%;\" data-sheets-value=\"{&quot;1&quot;:3,&quot;3&quot;:44973}\" data-sheets-numberformat=\"{&quot;1&quot;:5,&quot;2&quot;:&quot;d mmm yyyy&quot;,&quot;3&quot;:1}\">16 feb 2023<\/td>\n<td style=\"width: 43.1667%;\" data-sheets-value=\"{&quot;1&quot;:2,&quot;2&quot;:&quot;Platformoverleg&quot;}\">Platformoverleg<\/td>\n<td style=\"width: 40.6667%;\" data-sheets-value=\"{&quot;1&quot;:2,&quot;2&quot;:&quot;Le\u00f3n &amp; Ren\u00e9&quot;}\">Le\u00f3n &amp; Ren\u00e9<\/td>\n<\/tr>\n<tr>\n<td style=\"width: 25.5%;\" data-sheets-value=\"{&quot;1&quot;:3,&quot;3&quot;:45003}\" data-sheets-numberformat=\"{&quot;1&quot;:5,&quot;2&quot;:&quot;d mmmm yyyy&quot;,&quot;3&quot;:1}\">18 maart 2023<\/td>\n<td style=\"width: 43.1667%;\" data-sheets-value=\"{&quot;1&quot;:2,&quot;2&quot;:&quot;Landelijke Opschoondag&quot;}\">Landelijke Opschoon dag<\/td>\n<td style=\"width: 40.6667%;\" data-sheets-value=\"{&quot;1&quot;:2,&quot;2&quot;:&quot;Alle leden&quot;}\">Alle leden<\/td>\n<\/tr>\n<tr>\n<td style=\"width: 25.5%;\" data-sheets-value=\"{&quot;1&quot;:2,&quot;2&quot;:&quot;14 aril 2023&quot;}\">14 aril 2023<\/td>\n<td style=\"width: 43.1667%;\" data-sheets-value=\"{&quot;1&quot;:2,&quot;2&quot;:&quot;Wijkschouw&quot;}\">Wijkschouw<\/td>\n<td style=\"width: 40.6667%;\" data-sheets-value=\"{&quot;1&quot;:2,&quot;2&quot;:&quot;Marcel, Elzelien, Ren\u00e9, ???&quot;}\">Trees, Elzelien en Ren\u00e9<\/td>\n<\/tr>\n<tr>\n<td style=\"width: 25.5%;\" data-sheets-value=\"{&quot;1&quot;:3,&quot;3&quot;:45069}\" data-sheets-numberformat=\"{&quot;1&quot;:5,&quot;2&quot;:&quot;d mmm yyyy&quot;,&quot;3&quot;:1}\">23 mei 2023<\/td>\n<td style=\"width: 43.1667%;\" data-sheets-value=\"{&quot;1&quot;:2,&quot;2&quot;:&quot;B&amp;W bestuurlijk overleg&quot;}\">B&amp;W bestuurlijk overleg<\/td>\n<td style=\"width: 40.6667%;\" data-sheets-value=\"{&quot;1&quot;:2,&quot;2&quot;:&quot;Yvonne&quot;}\">Yvonne<\/td>\n<\/tr>\n<tr>\n<td style=\"width: 25.5%;\" data-sheets-value=\"{&quot;1&quot;:3,&quot;3&quot;:45200}\" data-sheets-numberformat=\"{&quot;1&quot;:5,&quot;2&quot;:&quot;mmm yyyy&quot;,&quot;3&quot;:1}\">oktober 2023<\/td>\n<td style=\"width: 43.1667%;\" data-sheets-value=\"{&quot;1&quot;:2,&quot;2&quot;:&quot;Jaarvergadering&quot;}\">Jaarvergadering<\/td>\n<td style=\"width: 40.6667%;\" data-sheets-value=\"{&quot;1&quot;:2,&quot;2&quot;:&quot;Alle leden&quot;}\">Alle leden<\/td>\n<\/tr>\n<tr>\n<td style=\"width: 25.5%;\" data-sheets-value=\"{&quot;1&quot;:3,&quot;3&quot;:45200}\" data-sheets-numberformat=\"{&quot;1&quot;:5,&quot;2&quot;:&quot;mmm yyyy&quot;,&quot;3&quot;:1}\">&nbsp;<\/td>\n<td style=\"width: 43.1667%;\" data-sheets-value=\"{&quot;1&quot;:2,&quot;2&quot;:&quot;Jaarvergadering&quot;}\">&nbsp;<\/td>\n<td style=\"width: 40.6667%;\" data-sheets-value=\"{&quot;1&quot;:2,&quot;2&quot;:&quot;Alle leden&quot;}\">&nbsp;<\/td>\n<\/tr>\n<tr>\n<td style=\"width: 25.5%;\">&nbsp;<\/td>\n<td style=\"width: 43.1667%;\">&nbsp;<\/td>\n<td style=\"width: 40.6667%;\">&nbsp;<\/td>\n<\/tr>\n<tr>\n<td style=\"width: 25.5%;\">&nbsp;<\/td>\n<td style=\"width: 43.1667%;\" data-sheets-value=\"{&quot;1&quot;:2,&quot;2&quot;:&quot;Bijgewerkt 1 feb 2023&quot;}\">Bijgewerkt 15 juli 2023<\/td>\n<td style=\"width: 40.6667%;\">&nbsp;<\/td>\n<\/tr>\n<\/tbody>\n<\/table>\n","protected":false},"excerpt":{"rendered":"<p>Datum Activiteit Deelnemers &nbsp; &nbsp; &nbsp; &nbsp; &nbsp; &nbsp; 20 feb 2023 Flyeren Bestuur 16 feb 2023 Platformoverleg Le\u00f3n &amp; Ren\u00e9 18 maart 2023 Landelijke Opschoon dag Alle leden 14 aril 2023 Wijkschouw Trees, Elzelien en Ren\u00e9 23 mei 2023 B&amp;W bestuurlijk overleg Yvonne oktober 2023 Jaarvergadering Alle leden &nbsp; &nbsp; &nbsp; &nbsp; &nbsp; &nbsp; &hellip; <\/p>\n<p class=\"link-more\"><a href=\"https:\/\/www2.wijkbelangenroderveld.nl\/?page_id=1629\" class=\"more-link\">Lees verder <span class=\"screen-reader-text\">&#8220;Activiteiten kalender&#8221;<\/span><\/a><\/p>\n","protected":false},"author":5,"featured_media":0,"parent":0,"menu_order":0,"comment_status":"closed","ping_status":"closed","template":"","meta":{"ngg_post_thumbnail":0,"footnotes":""},"class_list":["post-1629","page","type-page","status-publish","hentry"],"_links":{"self":[{"href":"https:\/\/www2.wijkbelangenroderveld.nl\/index.php?rest_route=\/wp\/v2\/pages\/1629","targetHints":{"allow":["GET"]}}],"collection":[{"href":"https:\/\/www2.wijkbelangenroderveld.nl\/index.php?rest_route=\/wp\/v2\/pages"}],"about":[{"href":"https:\/\/www2.wijkbelangenroderveld.nl\/index.php?rest_route=\/wp\/v2\/types\/page"}],"author":[{"embeddable":true,"href":"https:\/\/www2.wijkbelangenroderveld.nl\/index.php?rest_route=\/wp\/v2\/users\/5"}],"replies":[{"embeddable":true,"href":"https:\/\/www2.wijkbelangenroderveld.nl\/index.php?rest_route=%2Fwp%2Fv2%2Fcomments&post=1629"}],"version-history":[{"count":8,"href":"https:\/\/www2.wijkbelangenroderveld.nl\/index.php?rest_route=\/wp\/v2\/pages\/1629\/revisions"}],"predecessor-version":[{"id":2289,"href":"https:\/\/www2.wijkbelangenroderveld.nl\/index.php?rest_route=\/wp\/v2\/pages\/1629\/revisions\/2289"}],"wp:attachment":[{"href":"https:\/\/www2.wijkbelangenroderveld.nl\/index.php?rest_route=%2Fwp%2Fv2%2Fmedia&parent=1629"}],"curies":[{"name":"wp","href":"https:\/\/api.w.org\/{rel}","templated":true}]}}